{"id":17,"date":"2019-08-07T17:23:51","date_gmt":"2019-08-07T20:23:51","guid":{"rendered":"http:\/\/famed.ufvjm.edu.br\/dissecarte\/?page_id=17"},"modified":"2021-10-08T10:52:09","modified_gmt":"2021-10-08T13:52:09","slug":"pagina-inicial","status":"publish","type":"page","link":"http:\/\/famed.ufvjm.edu.br\/dissecarte\/","title":{"rendered":"O Projeto"},"content":{"rendered":"\n<div class=\"entry-content\">\n<p>Projeto Dissecarte<\/p>\n<p>A anatomia \u00e9 uma mat\u00e9ria que trata dos aspectos vis\u00edveis, macrosc\u00f3picos, do corpo humano. E, para muitos, desalia-se da funcionalidade, porque o primeiro pensamento que se vem s\u00e3o os pavorosos nomes de estruturas infind\u00e1veis e tortuosas (art\u00e9rias, veias e nervos) em suas mon\u00f3tonas cores vermelhas, azuis e amarelas.<\/p>\n<p>Ser\u00e1?<\/p>\n<p>E se a anatomia, na verdade, for a perfeita via (sinuosa com seus vasos disformes por\u00e9m essenciais) para te levar ao conhecimento de si pr\u00f3prio? E, melhor ainda, da semiologia, da cl\u00ednica e da cirurgia humanizada, n\u00e3o no sentido cadav\u00e9rico, e sim, no \u00e2mbito de entender, de ver, macroscopicamente, e, a fundo, o que se passa dentro de voc\u00ea e do outro?<\/p>\n<p>Pois bem, o projeto de ensino Dissecarte, utiliza como s\u00edmbolo a famosa pintura \u201cA Cria\u00e7\u00e3o de Ad\u00e3o\u201d de Michelangelo, afresco da capela Sistina, em que a \u00eanfase est\u00e1 nas m\u00e3os dos personagens. Entende-se que ao se acrescentar um bisturi em m\u00e3os que pretendem cortar em partes, faz-se arte.<\/p>\n<p>A arte de entender. A arte de aprender. A arte de curar.<\/p>\n<p>A arte de dissecar, de maneira minuciosa, meticulosa, delicada, \u00e1rdua e respeitosa, os cad\u00e1veres. A cada um dos estudantes do projeto, sempre em mente a seguinte ora\u00e7\u00e3o:<\/p>\n<p><em> \u201cao curvar-te com a l\u00e2mina rija de teu bisturi sobre o cad\u00e1ver desconhecido lembra-te de que este corpo nasceu do amor de duas almas; cresceu embalado pela f\u00e9 e esperan\u00e7a daquela que, em seu seio, o agasalhou, sorriu e sonhou os mesmos sonhos das crian\u00e7as e dos jovens ; por certo amou e foi amado e sentiu saudades dos outros que partiram, acalentou um amanh\u00e3 feliz e agora jaz na fria lousa, sem que, por ele, se tivesse derramado uma l\u00e1grima sequer, sem que tivesse uma s\u00f3 prece. Seu nome s\u00f3 Deus o sabe, mas o destino inexor\u00e1vel deu-lhe o poder e a grandeza de servir a humanidade que por ele passou indiferente.\u201d<\/em><\/p>\n<p>Por fim, o Projeto de Ensino Dissecarte, todos os seus participantes, especialmente a sua coordenadora, Elizi\u00e1ria, deseja agradecer a todos que tornaram tudo isso poss\u00edvel. \u00c0 UFMG, pela doa\u00e7\u00e3o dos corpos. \u00c0 UFVJM por dar estrutura. \u00c0 coordena\u00e7\u00e3o da Faculdade de Medicina por acreditar no nosso empenho. Ao CALMED\u2026<\/p>\n<\/div>\n\n\n\n<p><\/p>\n","protected":false},"excerpt":{"rendered":"<p>Projeto Dissecarte A anatomia \u00e9 uma mat\u00e9ria que trata dos aspectos vis\u00edveis, macrosc\u00f3picos, do corpo humano. E, para muitos, desalia-se da funcionalidade, porque o primeiro pensamento que se vem s\u00e3o os pavorosos nomes de estruturas infind\u00e1veis e tortuosas (art\u00e9rias, veias e nervos) em suas mon\u00f3tonas cores vermelhas, azuis e amarelas. Ser\u00e1? E se a anatomia, &hellip; <\/p>\n<p class=\"link-more\"><a href=\"http:\/\/famed.ufvjm.edu.br\/dissecarte\/\" class=\"more-link\">Continue lendo<span class=\"screen-reader-text\"> &#8220;O Projeto&#8221;<\/span><\/a><\/p>\n","protected":false},"author":1,"featured_media":0,"parent":0,"menu_order":0,"comment_status":"closed","ping_status":"closed","template":"","meta":{"footnotes":""},"class_list":["post-17","page","type-page","status-publish","hentry"],"_links":{"self":[{"href":"http:\/\/famed.ufvjm.edu.br\/dissecarte\/index.php\/wp-json\/wp\/v2\/pages\/17","targetHints":{"allow":["GET"]}}],"collection":[{"href":"http:\/\/famed.ufvjm.edu.br\/dissecarte\/index.php\/wp-json\/wp\/v2\/pages"}],"about":[{"href":"http:\/\/famed.ufvjm.edu.br\/dissecarte\/index.php\/wp-json\/wp\/v2\/types\/page"}],"author":[{"embeddable":true,"href":"http:\/\/famed.ufvjm.edu.br\/dissecarte\/index.php\/wp-json\/wp\/v2\/users\/1"}],"replies":[{"embeddable":true,"href":"http:\/\/famed.ufvjm.edu.br\/dissecarte\/index.php\/wp-json\/wp\/v2\/comments?post=17"}],"version-history":[{"count":3,"href":"http:\/\/famed.ufvjm.edu.br\/dissecarte\/index.php\/wp-json\/wp\/v2\/pages\/17\/revisions"}],"predecessor-version":[{"id":282,"href":"http:\/\/famed.ufvjm.edu.br\/dissecarte\/index.php\/wp-json\/wp\/v2\/pages\/17\/revisions\/282"}],"wp:attachment":[{"href":"http:\/\/famed.ufvjm.edu.br\/dissecarte\/index.php\/wp-json\/wp\/v2\/media?parent=17"}],"curies":[{"name":"wp","href":"https:\/\/api.w.org\/{rel}","templated":true}]}}